{"id":2420,"date":"2026-02-16T15:42:56","date_gmt":"2026-02-16T14:42:56","guid":{"rendered":"https:\/\/dankrooss.de\/?page_id=2420"},"modified":"2026-05-05T17:11:01","modified_gmt":"2026-05-05T15:11:01","slug":"startseite","status":"publish","type":"page","link":"https:\/\/ignisnovum.de\/en\/","title":{"rendered":"Home"},"content":{"rendered":"<div data-elementor-type=\"wp-page\" data-elementor-id=\"2420\" class=\"elementor elementor-2420\" data-elementor-post-type=\"page\">\n\t\t\t\t<div class=\"elementor-element elementor-element-54768fda e-con-full hero-wrap elementor-hidden-mobile e-flex elementor-invisible e-con e-parent\" data-id=\"54768fda\" data-element_type=\"container\" data-e-type=\"container\" data-settings=\"{&quot;animation&quot;:&quot;fadeInLeft&quot;,&quot;background_background&quot;:&quot;classic&quot;}\">\n\t\t\t\t<div class=\"elementor-element elementor-element-e1761b5 elementor-widget elementor-widget-text-editor\" data-id=\"e1761b5\" data-element_type=\"widget\" data-e-type=\"widget\" data-widget_type=\"text-editor.default\">\n\t\t\t\t\t\t\t\t\t<p>Praxis f\u00fcr Integrale &amp; systemische Beratung,<br \/>Coaching &amp; Therapie<\/p>\t\t\t\t\t\t\t\t<\/div>\n\t\t\t\t<div class=\"elementor-element elementor-element-70bea63 elementor-widget elementor-widget-image\" data-id=\"70bea63\" data-element_type=\"widget\" data-e-type=\"widget\" data-widget_type=\"image.default\">\n\t\t\t\t\t\t\t\t\t\t\t\t\t\t\t<img fetchpriority=\"high\" decoding=\"async\" width=\"500\" height=\"250\" src=\"https:\/\/ignisnovum.de\/wp-content\/uploads\/2026\/03\/gnisNovum-Transparentt-Blau.webp\" class=\"attachment-large size-large wp-image-2819\" alt=\"\" srcset=\"https:\/\/ignisnovum.de\/wp-content\/uploads\/2026\/03\/gnisNovum-Transparentt-Blau.webp 500w, https:\/\/ignisnovum.de\/wp-content\/uploads\/2026\/03\/gnisNovum-Transparentt-Blau-300x150.webp 300w, https:\/\/ignisnovum.de\/wp-content\/uploads\/2026\/03\/gnisNovum-Transparentt-Blau-18x9.webp 18w\" sizes=\"(max-width: 500px) 100vw, 500px\" \/>\t\t\t\t\t\t\t\t\t\t\t\t\t\t\t<\/div>\n\t\t\t\t<\/div>\n\t\t<div class=\"elementor-element elementor-element-64602dce e-con-full e-flex e-con e-parent\" data-id=\"64602dce\" data-element_type=\"container\" data-e-type=\"container\">\n\t\t<div class=\"elementor-element elementor-element-13d7bffc e-con-full e-flex e-con e-child\" data-id=\"13d7bffc\" data-element_type=\"container\" data-e-type=\"container\">\n\t\t\t\t<div class=\"elementor-element elementor-element-d7c65f6 elementor-widget elementor-widget-text-editor\" data-id=\"d7c65f6\" data-element_type=\"widget\" data-e-type=\"widget\" data-widget_type=\"text-editor.default\">\n\t\t\t\t\t\t\t\t\t<blockquote style=\"color: #021e5e;\">\n\u201eDie Zeit des Scheiterns ist die beste, um die Samen des Erfolges zu s\u00e4en.&#8220;<\/blockquote>\nParamahansa Yogananda &#8211;<br>\n\n<em>The Law of Success<\/em>\t\t\t\t\t\t\t\t<\/div>\n\t\t\t\t<div class=\"elementor-element elementor-element-c42d053 elementor-widget elementor-widget-spacer\" data-id=\"c42d053\" data-element_type=\"widget\" data-e-type=\"widget\" data-widget_type=\"spacer.default\">\n\t\t\t\t\t\t\t<div class=\"elementor-spacer\">\n\t\t\t<div class=\"elementor-spacer-inner\"><\/div>\n\t\t<\/div>\n\t\t\t\t\t\t<\/div>\n\t\t\t\t<div class=\"elementor-element elementor-element-58c183d elementor-widget elementor-widget-image\" data-id=\"58c183d\" data-element_type=\"widget\" data-e-type=\"widget\" data-widget_type=\"image.default\">\n\t\t\t\t\t\t\t\t\t\t\t\t\t\t\t<img decoding=\"async\" width=\"625\" height=\"960\" src=\"https:\/\/ignisnovum.de\/wp-content\/uploads\/2025\/10\/20250929_163754-1.webp\" class=\"attachment-large size-large wp-image-113\" alt=\"\" srcset=\"https:\/\/ignisnovum.de\/wp-content\/uploads\/2025\/10\/20250929_163754-1.webp 625w, https:\/\/ignisnovum.de\/wp-content\/uploads\/2025\/10\/20250929_163754-1-195x300.webp 195w\" sizes=\"(max-width: 625px) 100vw, 625px\" \/>\t\t\t\t\t\t\t\t\t\t\t\t\t\t\t<\/div>\n\t\t\t\t<\/div>\n\t\t<div class=\"elementor-element elementor-element-2bc4d7a2 e-con-full e-flex e-con e-child\" data-id=\"2bc4d7a2\" data-element_type=\"container\" data-e-type=\"container\">\n\t\t\t\t<div class=\"elementor-element elementor-element-660d63d elementor-widget elementor-widget-heading\" data-id=\"660d63d\" data-element_type=\"widget\" data-e-type=\"widget\" data-widget_type=\"heading.default\">\n\t\t\t\t\t<h1 class=\"elementor-heading-title elementor-size-default\">Coaching with depth and clarity<\/h1>\t\t\t\t<\/div>\n\t\t\t\t<div class=\"elementor-element elementor-element-f1d8eec elementor-widget elementor-widget-spacer\" data-id=\"f1d8eec\" data-element_type=\"widget\" data-e-type=\"widget\" data-widget_type=\"spacer.default\">\n\t\t\t\t\t\t\t<div class=\"elementor-spacer\">\n\t\t\t<div class=\"elementor-spacer-inner\"><\/div>\n\t\t<\/div>\n\t\t\t\t\t\t<\/div>\n\t\t\t\t<div class=\"elementor-element elementor-element-f2744ef elementor-widget__width-initial elementor-widget elementor-widget-text-editor\" data-id=\"f2744ef\" data-element_type=\"widget\" data-e-type=\"widget\" data-widget_type=\"text-editor.default\">\n\t\t\t\t\t\t\t\t\t<div role=\"paragraph\">Du sp\u00fcrst, dass sich etwas ver\u00e4ndern soll \u2013 im Beruf, im Leben oder in Dir selbst. Vielleicht fehlt die Richtung. Vielleicht ist da eine Ersch\u00f6pfung, ein Gef\u00fchl von Stagnation oder der Wunsch nach mehr Sinn und Stimmigkeit.<\/div><br>\n\n<div role=\"paragraph\">Ich bin Dan Kroo\u00df \u2013 Heilpraktiker und integraler Coach in Jork. Ich begleite Menschen, die in solchen Momenten nicht einfach eine schnelle L\u00f6sung suchen, sondern wirklich etwas verstehen und ver\u00e4ndern wollen. In meiner Arbeit verbinden sich psychologische Tiefe, Achtsamkeit, K\u00f6rperwahrnehmung und geerdete Lebenserfahrung.<\/div><br>\n\n<div role=\"paragraph\">\nSo entsteht ein Raum, in dem Du Dich selbst klarer wahrnehmen, alte Muster erkennen und neue Schritte entwickeln kannst \u2013 bewusster, freier und stimmiger mit Dir selbst.\n\nGenau das ist es, wof\u00fcr der Name &#8222;Ignis Novum&#8220; steht: Selbst aus einem noch so kleinen Funken kannst Du ein lebendiges Feuer entfachen, das Deine innere Kraft, Ruhe und Klarheit hervorbringt.\n<\/div>\n<br>\n<section class=\"intro-sec\"><center><b>Integral coaching \u2013 <br>\nat my place in Jork or online.<\/b><\/center><\/section>\t\t\t\t\t\t\t\t<\/div>\n\t\t\t\t<div class=\"elementor-element elementor-element-d12253c elementor-widget-divider--separator-type-pattern elementor-widget-divider--no-spacing elementor-widget-divider--view-line elementor-widget elementor-widget-divider\" data-id=\"d12253c\" data-element_type=\"widget\" data-e-type=\"widget\" data-widget_type=\"divider.default\">\n\t\t\t\t\t\t\t<div class=\"elementor-divider\" style=\"--divider-pattern-url: url(&quot;data:image\/svg+xml,%3Csvg xmlns=&#039;http:\/\/www.w3.org\/2000\/svg&#039; preserveAspectRatio=&#039;xMidYMid meet&#039; overflow=&#039;visible&#039; height=&#039;100%&#039; viewBox=&#039;0 0 126 26&#039; fill=&#039;black&#039; stroke=&#039;none&#039;%3E%3Cpath d=&#039;M111.9,18.3v3.4H109v-3.4H111.9z M90.8,18.3v3.4H88v-3.4H90.8z M69.8,18.3v3.4h-2.9v-3.4H69.8z M48.8,18.3v3.4h-2.9v-3.4H48.8z M27.7,18.3v3.4h-2.9v-3.4H27.7z M6.7,18.3v3.4H3.8v-3.4H6.7z M46.4,4l4.3,4.8l-1.8,0l3.5,4.4l-2.2-0.1l3,3.3l-11,0.4l3.6-3.8l-2.9-0.1l3.1-4.2l-1.9,0L46.4,4z M111.4,4l2.4,4.8l-1.8,0l3.5,4.4l-2.5-0.1l3.3,3.3h-11l3.1-3.4l-2.5-0.1l3.1-4.2l-1.9,0L111.4,4z M89.9,4l2.9,4.8l-1.9,0l3.2,4.2l-2.5,0l3.5,3.5l-11-0.4l3-3.1l-2.4,0L88,8.8l-1.9,0L89.9,4z M68.6,4l3,4.4l-1.9,0.1l3.4,4.1l-2.7,0.1l3.8,3.7H63.8l2.9-3.6l-2.9,0.1L67,8.7l-2,0.1L68.6,4z M26.5,4l3,4.4l-1.9,0.1l3.7,4.7l-2.5-0.1l3.3,3.3H21l3.1-3.4l-2.5-0.1l3.2-4.3l-2,0.1L26.5,4z M4.9,4l3.7,4.8l-1.5,0l3.1,4.2L7.6,13l3.4,3.4H0l3-3.3l-2.3,0.1l3.5-4.4l-2.3,0L4.9,4z&#039;\/%3E%3C\/svg%3E&quot;);\">\n\t\t\t<span class=\"elementor-divider-separator\">\n\t\t\t\t\t\t<\/span>\n\t\t<\/div>\n\t\t\t\t\t\t<\/div>\n\t\t\t\t<div class=\"elementor-element elementor-element-7afa823 elementor-widget-divider--separator-type-pattern elementor-widget-divider--no-spacing elementor-widget-divider--view-line elementor-widget elementor-widget-divider\" data-id=\"7afa823\" data-element_type=\"widget\" data-e-type=\"widget\" data-widget_type=\"divider.default\">\n\t\t\t\t\t\t\t<div class=\"elementor-divider\" style=\"--divider-pattern-url: url(&quot;data:image\/svg+xml,%3Csvg xmlns=&#039;http:\/\/www.w3.org\/2000\/svg&#039; preserveAspectRatio=&#039;xMidYMid meet&#039; overflow=&#039;visible&#039; height=&#039;100%&#039; viewBox=&#039;0 0 126 26&#039; fill=&#039;black&#039; stroke=&#039;none&#039;%3E%3Cpath d=&#039;M111.9,18.3v3.4H109v-3.4H111.9z M90.8,18.3v3.4H88v-3.4H90.8z M69.8,18.3v3.4h-2.9v-3.4H69.8z M48.8,18.3v3.4h-2.9v-3.4H48.8z M27.7,18.3v3.4h-2.9v-3.4H27.7z M6.7,18.3v3.4H3.8v-3.4H6.7z M46.4,4l4.3,4.8l-1.8,0l3.5,4.4l-2.2-0.1l3,3.3l-11,0.4l3.6-3.8l-2.9-0.1l3.1-4.2l-1.9,0L46.4,4z M111.4,4l2.4,4.8l-1.8,0l3.5,4.4l-2.5-0.1l3.3,3.3h-11l3.1-3.4l-2.5-0.1l3.1-4.2l-1.9,0L111.4,4z M89.9,4l2.9,4.8l-1.9,0l3.2,4.2l-2.5,0l3.5,3.5l-11-0.4l3-3.1l-2.4,0L88,8.8l-1.9,0L89.9,4z M68.6,4l3,4.4l-1.9,0.1l3.4,4.1l-2.7,0.1l3.8,3.7H63.8l2.9-3.6l-2.9,0.1L67,8.7l-2,0.1L68.6,4z M26.5,4l3,4.4l-1.9,0.1l3.7,4.7l-2.5-0.1l3.3,3.3H21l3.1-3.4l-2.5-0.1l3.2-4.3l-2,0.1L26.5,4z M4.9,4l3.7,4.8l-1.5,0l3.1,4.2L7.6,13l3.4,3.4H0l3-3.3l-2.3,0.1l3.5-4.4l-2.3,0L4.9,4z&#039;\/%3E%3C\/svg%3E&quot;);\">\n\t\t\t<span class=\"elementor-divider-separator\">\n\t\t\t\t\t\t<\/span>\n\t\t<\/div>\n\t\t\t\t\t\t<\/div>\n\t\t\t\t<div class=\"elementor-element elementor-element-afb38e0 elementor-align-center elementor-widget__width-initial elementor-widget elementor-widget-button\" data-id=\"afb38e0\" data-element_type=\"widget\" data-e-type=\"widget\" data-widget_type=\"button.default\">\n\t\t\t\t\t\t\t\t\t\t<a class=\"elementor-button elementor-button-link elementor-size-sm\" href=\"https:\/\/dankrooss.de\/kontakt\/\">\n\t\t\t\t\t\t<span class=\"elementor-button-content-wrapper\">\n\t\t\t\t\t\t\t\t\t<span class=\"elementor-button-text\">Jetzt kostenloses <br>  Erstgespr\u00e4ch vereinbaren<\/span>\n\t\t\t\t\t<\/span>\n\t\t\t\t\t<\/a>\n\t\t\t\t\t\t\t\t<\/div>\n\t\t\t\t<\/div>\n\t\t\t\t<\/div>\n\t\t<div class=\"elementor-element elementor-element-f432a78 e-con-full e-flex e-con e-parent\" data-id=\"f432a78\" data-element_type=\"container\" data-e-type=\"container\">\n\t\t\t\t<div class=\"elementor-element elementor-element-3ec2dd5 elementor-widget elementor-widget-spacer\" data-id=\"3ec2dd5\" data-element_type=\"widget\" data-e-type=\"widget\" data-widget_type=\"spacer.default\">\n\t\t\t\t\t\t\t<div class=\"elementor-spacer\">\n\t\t\t<div class=\"elementor-spacer-inner\"><\/div>\n\t\t<\/div>\n\t\t\t\t\t\t<\/div>\n\t\t\t\t<div class=\"elementor-element elementor-element-504061a3 elementor-widget elementor-widget-heading\" data-id=\"504061a3\" data-element_type=\"widget\" data-e-type=\"widget\" data-widget_type=\"heading.default\">\n\t\t\t\t\t<h1 class=\"elementor-heading-title elementor-size-default\">My offer<\/h1>\t\t\t\t<\/div>\n\t\t<div class=\"elementor-element elementor-element-603cf9f8 e-con-full e-flex e-con e-child\" data-id=\"603cf9f8\" data-element_type=\"container\" data-e-type=\"container\">\n\t\t<div class=\"elementor-element elementor-element-750aab8a e-con-full e-grid e-con e-child\" data-id=\"750aab8a\" data-element_type=\"container\" data-e-type=\"container\">\n\t\t<div class=\"elementor-element elementor-element-10f72d55 e-flex e-con-boxed e-con e-child\" data-id=\"10f72d55\" data-element_type=\"container\" data-e-type=\"container\" data-settings=\"{&quot;background_background&quot;:&quot;classic&quot;}\">\n\t\t\t\t\t<div class=\"e-con-inner\">\n\t\t\t\t<div class=\"elementor-element elementor-element-a620592 elementor-widget elementor-widget-image\" data-id=\"a620592\" data-element_type=\"widget\" data-e-type=\"widget\" data-widget_type=\"image.default\">\n\t\t\t\t\t\t\t\t\t\t\t\t\t\t\t<img decoding=\"async\" width=\"1024\" height=\"1024\" src=\"https:\/\/ignisnovum.de\/wp-content\/uploads\/2025\/11\/ChatGPT-Image-19.-Nov.-2025-11_10_08.webp\" class=\"attachment-full size-full wp-image-1433\" alt=\"\" srcset=\"https:\/\/ignisnovum.de\/wp-content\/uploads\/2025\/11\/ChatGPT-Image-19.-Nov.-2025-11_10_08.webp 1024w, https:\/\/ignisnovum.de\/wp-content\/uploads\/2025\/11\/elementor\/thumbs\/ChatGPT-Image-19.-Nov.-2025-11_10_08-rexj9jdl1ezq47rhslzwye7s2pesrm068uvdimqcag.webp 300w, https:\/\/ignisnovum.de\/wp-content\/uploads\/2025\/11\/ChatGPT-Image-19.-Nov.-2025-11_10_08-150x150.webp 150w, https:\/\/ignisnovum.de\/wp-content\/uploads\/2025\/11\/ChatGPT-Image-19.-Nov.-2025-11_10_08-768x768.webp 768w\" sizes=\"(max-width: 1024px) 100vw, 1024px\" \/>\t\t\t\t\t\t\t\t\t\t\t\t\t\t\t<\/div>\n\t\t\t\t<div class=\"elementor-element elementor-element-83762f5 elementor-widget elementor-widget-heading\" data-id=\"83762f5\" data-element_type=\"widget\" data-e-type=\"widget\" data-widget_type=\"heading.default\">\n\t\t\t\t\t<h3 class=\"elementor-heading-title elementor-size-default\">Integrales <br>Coaching\n<\/h3>\t\t\t\t<\/div>\n\t\t\t\t<div class=\"elementor-element elementor-element-85388ef elementor-widget elementor-widget-text-editor\" data-id=\"85388ef\" data-element_type=\"widget\" data-e-type=\"widget\" data-widget_type=\"text-editor.default\">\n\t\t\t\t\t\t\t\t\t<p style=\"text-align: center;\">Wir betrachten Dein Anliegen ganzheitlich &#8211; auf der Ebene von Denken, F\u00fchlen, K\u00f6rper und Handeln.<\/p>\n<p style=\"text-align: center;\"><br>Nicht nur das Problem im Blick, sondern Dich als ganzen Menschen.<\/p>\t\t\t\t\t\t\t\t<\/div>\n\t\t\t\t<div class=\"elementor-element elementor-element-448233e3 elementor-align-center elementor-widget elementor-widget-button\" data-id=\"448233e3\" data-element_type=\"widget\" data-e-type=\"widget\" data-widget_type=\"button.default\">\n\t\t\t\t\t\t\t\t\t\t<a class=\"elementor-button elementor-button-link elementor-size-sm\" href=\"https:\/\/dankrooss.de\/integrales_coaching\/\">\n\t\t\t\t\t\t<span class=\"elementor-button-content-wrapper\">\n\t\t\t\t\t\t\t\t\t<span class=\"elementor-button-text\">Learn more<\/span>\n\t\t\t\t\t<\/span>\n\t\t\t\t\t<\/a>\n\t\t\t\t\t\t\t\t<\/div>\n\t\t\t\t\t<\/div>\n\t\t\t\t<\/div>\n\t\t<div class=\"elementor-element elementor-element-208e0f40 e-flex e-con-boxed e-con e-child\" data-id=\"208e0f40\" data-element_type=\"container\" data-e-type=\"container\" data-settings=\"{&quot;background_background&quot;:&quot;classic&quot;}\">\n\t\t\t\t\t<div class=\"e-con-inner\">\n\t\t\t\t<div class=\"elementor-element elementor-element-ccfbdca elementor-widget elementor-widget-image\" data-id=\"ccfbdca\" data-element_type=\"widget\" data-e-type=\"widget\" data-widget_type=\"image.default\">\n\t\t\t\t\t\t\t\t\t\t\t\t\t\t\t<img loading=\"lazy\" decoding=\"async\" width=\"600\" height=\"600\" src=\"https:\/\/ignisnovum.de\/wp-content\/uploads\/2026\/04\/schwalbe_ignis_novum.jpg\" class=\"attachment-full size-full wp-image-3666\" alt=\"\" srcset=\"https:\/\/ignisnovum.de\/wp-content\/uploads\/2026\/04\/schwalbe_ignis_novum.jpg 600w, https:\/\/ignisnovum.de\/wp-content\/uploads\/2026\/04\/elementor\/thumbs\/schwalbe_ignis_novum-rmq47p3hs6qq14uxph5xykxnbaxdf4eqmu6c1mqmk8.jpg 300w, https:\/\/ignisnovum.de\/wp-content\/uploads\/2026\/04\/schwalbe_ignis_novum-150x150.jpg 150w, https:\/\/ignisnovum.de\/wp-content\/uploads\/2026\/04\/schwalbe_ignis_novum-12x12.jpg 12w, https:\/\/ignisnovum.de\/wp-content\/uploads\/2026\/04\/elementor\/thumbs\/schwalbe_ignis_novum-rmq47p3gkbyaf4p7akarui3a9ypqrd70r1l5w89ej4.jpg 200w\" sizes=\"(max-width: 600px) 100vw, 600px\" \/>\t\t\t\t\t\t\t\t\t\t\t\t\t\t\t<\/div>\n\t\t\t\t<div class=\"elementor-element elementor-element-5719129 elementor-widget elementor-widget-heading\" data-id=\"5719129\" data-element_type=\"widget\" data-e-type=\"widget\" data-widget_type=\"heading.default\">\n\t\t\t\t\t<h3 class=\"elementor-heading-title elementor-size-default\">Neuorientierung<br><br><\/h3>\t\t\t\t<\/div>\n\t\t\t\t<div class=\"elementor-element elementor-element-4ab299f elementor-widget elementor-widget-text-editor\" data-id=\"4ab299f\" data-element_type=\"widget\" data-e-type=\"widget\" data-widget_type=\"text-editor.default\">\n\t\t\t\t\t\t\t\t\tBegleitung in Phasen des Wandels:\n<br><br>\nWenn das Alte nicht mehr passt und das Neue noch nicht greifbar ist \u2013 beruflich wie privat.\t\t\t\t\t\t\t\t<\/div>\n\t\t\t\t<div class=\"elementor-element elementor-element-13376be elementor-align-center elementor-widget elementor-widget-button\" data-id=\"13376be\" data-element_type=\"widget\" data-e-type=\"widget\" data-widget_type=\"button.default\">\n\t\t\t\t\t\t\t\t\t\t<a class=\"elementor-button elementor-button-link elementor-size-sm\" href=\"https:\/\/dankrooss.de\/integrales_coaching\/\">\n\t\t\t\t\t\t<span class=\"elementor-button-content-wrapper\">\n\t\t\t\t\t\t\t\t\t<span class=\"elementor-button-text\">Learn more<\/span>\n\t\t\t\t\t<\/span>\n\t\t\t\t\t<\/a>\n\t\t\t\t\t\t\t\t<\/div>\n\t\t\t\t\t<\/div>\n\t\t\t\t<\/div>\n\t\t<div class=\"elementor-element elementor-element-4951f18a e-flex e-con-boxed e-con e-child\" data-id=\"4951f18a\" data-element_type=\"container\" data-e-type=\"container\" data-settings=\"{&quot;background_background&quot;:&quot;classic&quot;}\">\n\t\t\t\t\t<div class=\"e-con-inner\">\n\t\t\t\t<div class=\"elementor-element elementor-element-ccb2555 elementor-widget elementor-widget-image\" data-id=\"ccb2555\" data-element_type=\"widget\" data-e-type=\"widget\" data-widget_type=\"image.default\">\n\t\t\t\t\t\t\t\t\t\t\t\t\t\t\t<img loading=\"lazy\" decoding=\"async\" width=\"600\" height=\"600\" src=\"https:\/\/ignisnovum.de\/wp-content\/uploads\/2026\/04\/hibiskus_ignis_novum.webp\" class=\"attachment-full size-full wp-image-3684\" alt=\"\" srcset=\"https:\/\/ignisnovum.de\/wp-content\/uploads\/2026\/04\/hibiskus_ignis_novum.webp 600w, https:\/\/ignisnovum.de\/wp-content\/uploads\/2026\/04\/elementor\/thumbs\/hibiskus_ignis_novum-rmq5bxksbvtl08exrda16xeyq2lzwp53tzhkl12y7s.jpg 300w, https:\/\/ignisnovum.de\/wp-content\/uploads\/2026\/04\/hibiskus_ignis_novum-150x150.jpg 150w, https:\/\/ignisnovum.de\/wp-content\/uploads\/2026\/04\/hibiskus_ignis_novum-12x12.jpg 12w\" sizes=\"(max-width: 600px) 100vw, 600px\" \/>\t\t\t\t\t\t\t\t\t\t\t\t\t\t\t<\/div>\n\t\t\t\t<div class=\"elementor-element elementor-element-c278ad1 elementor-widget elementor-widget-heading\" data-id=\"c278ad1\" data-element_type=\"widget\" data-e-type=\"widget\" data-widget_type=\"heading.default\">\n\t\t\t\t\t<h3 class=\"elementor-heading-title elementor-size-default\">K\u00f6rper- &amp; <br>Bewusstsein<\/h3>\t\t\t\t<\/div>\n\t\t\t\t<div class=\"elementor-element elementor-element-eda6fb3 elementor-widget elementor-widget-text-editor\" data-id=\"eda6fb3\" data-element_type=\"widget\" data-e-type=\"widget\" data-widget_type=\"text-editor.default\">\n\t\t\t\t\t\t\t\t\tDurch Atem\u00fcbungen, K\u00f6rperwahrnehmung und Achtsamkeit wieder aus dem Kopf in den K\u00f6rper finden.\n<br><br>\nDer K\u00f6rper als Ressource \u2013 nicht als Problem.\t\t\t\t\t\t\t\t<\/div>\n\t\t\t\t<div class=\"elementor-element elementor-element-7384727 elementor-align-center elementor-widget elementor-widget-button\" data-id=\"7384727\" data-element_type=\"widget\" data-e-type=\"widget\" data-widget_type=\"button.default\">\n\t\t\t\t\t\t\t\t\t\t<a class=\"elementor-button elementor-button-link elementor-size-sm\" href=\"https:\/\/dankrooss.de\/integrales_coaching\/\">\n\t\t\t\t\t\t<span class=\"elementor-button-content-wrapper\">\n\t\t\t\t\t\t\t\t\t<span class=\"elementor-button-text\">Learn more<\/span>\n\t\t\t\t\t<\/span>\n\t\t\t\t\t<\/a>\n\t\t\t\t\t\t\t\t<\/div>\n\t\t\t\t\t<\/div>\n\t\t\t\t<\/div>\n\t\t<div class=\"elementor-element elementor-element-1856c2ea e-flex e-con-boxed e-con e-child\" data-id=\"1856c2ea\" data-element_type=\"container\" data-e-type=\"container\" data-settings=\"{&quot;background_background&quot;:&quot;classic&quot;}\">\n\t\t\t\t\t<div class=\"e-con-inner\">\n\t\t\t\t<div class=\"elementor-element elementor-element-0a2b6e4 elementor-widget elementor-widget-image\" data-id=\"0a2b6e4\" data-element_type=\"widget\" data-e-type=\"widget\" data-widget_type=\"image.default\">\n\t\t\t\t\t\t\t\t\t\t\t\t\t\t\t<img loading=\"lazy\" decoding=\"async\" width=\"600\" height=\"600\" src=\"https:\/\/ignisnovum.de\/wp-content\/uploads\/2026\/04\/sonnenuntergang_ignis_novum.webp\" class=\"attachment-full size-full wp-image-3685\" alt=\"\" srcset=\"https:\/\/ignisnovum.de\/wp-content\/uploads\/2026\/04\/sonnenuntergang_ignis_novum.webp 600w, https:\/\/ignisnovum.de\/wp-content\/uploads\/2026\/04\/sonnenuntergang_ignis_novum-300x300.webp 300w, https:\/\/ignisnovum.de\/wp-content\/uploads\/2026\/04\/sonnenuntergang_ignis_novum-150x150.webp 150w, https:\/\/ignisnovum.de\/wp-content\/uploads\/2026\/04\/sonnenuntergang_ignis_novum-12x12.webp 12w\" sizes=\"(max-width: 600px) 100vw, 600px\" \/>\t\t\t\t\t\t\t\t\t\t\t\t\t\t\t<\/div>\n\t\t\t\t<div class=\"elementor-element elementor-element-62d03b0 elementor-widget elementor-widget-heading\" data-id=\"62d03b0\" data-element_type=\"widget\" data-e-type=\"widget\" data-widget_type=\"heading.default\">\n\t\t\t\t\t<h3 class=\"elementor-heading-title elementor-size-default\">Aufstellungen &amp; <br>Schattenarbeit<\/h3>\t\t\t\t<\/div>\n\t\t\t\t<div class=\"elementor-element elementor-element-7fdfcf6 elementor-widget elementor-widget-text-editor\" data-id=\"7fdfcf6\" data-element_type=\"widget\" data-e-type=\"widget\" data-widget_type=\"text-editor.default\">\n\t\t\t\t\t\t\t\t\tArbeit mit dem, was im Hintergrund wirkt: alte Pr\u00e4gungen, innere Anteile, unbewusste Muster.\n<br><br>\nNicht um sie zu bek\u00e4mpfen \u2013 sondern um sie zu verstehen und zu integrieren.\t\t\t\t\t\t\t\t<\/div>\n\t\t\t\t<div class=\"elementor-element elementor-element-954776c elementor-align-center elementor-widget elementor-widget-button\" data-id=\"954776c\" data-element_type=\"widget\" data-e-type=\"widget\" data-widget_type=\"button.default\">\n\t\t\t\t\t\t\t\t\t\t<a class=\"elementor-button elementor-button-link elementor-size-sm\" href=\"https:\/\/dankrooss.de\/integrales_coaching\/\">\n\t\t\t\t\t\t<span class=\"elementor-button-content-wrapper\">\n\t\t\t\t\t\t\t\t\t<span class=\"elementor-button-text\">Learn more<\/span>\n\t\t\t\t\t<\/span>\n\t\t\t\t\t<\/a>\n\t\t\t\t\t\t\t\t<\/div>\n\t\t\t\t\t<\/div>\n\t\t\t\t<\/div>\n\t\t\t\t<\/div>\n\t\t\t\t<\/div>\n\t\t\t\t<\/div>\n\t\t<div class=\"elementor-element elementor-element-3dd5195 e-flex e-con-boxed e-con e-parent\" data-id=\"3dd5195\" data-element_type=\"container\" data-e-type=\"container\">\n\t\t\t\t\t<div class=\"e-con-inner\">\n\t\t\t\t<div class=\"elementor-element elementor-element-b4b62d9 elementor-widget-divider--view-line elementor-widget elementor-widget-divider\" data-id=\"b4b62d9\" data-element_type=\"widget\" data-e-type=\"widget\" data-widget_type=\"divider.default\">\n\t\t\t\t\t\t\t<div class=\"elementor-divider\">\n\t\t\t<span class=\"elementor-divider-separator\">\n\t\t\t\t\t\t<\/span>\n\t\t<\/div>\n\t\t\t\t\t\t<\/div>\n\t\t\t\t\t<\/div>\n\t\t\t\t<\/div>\n\t\t\t\t<\/div>","protected":false},"excerpt":{"rendered":"<p>Praxis f\u00fcr Integrale &amp; systemische Beratung,Coaching &amp; Therapie \u201eDie Zeit des Scheiterns ist die beste, um die Samen des Erfolges zu s\u00e4en.&#8220; Paramahansa Yogananda &#8211; [&hellip;]<\/p>\n","protected":false},"author":1,"featured_media":0,"parent":0,"menu_order":1,"comment_status":"closed","ping_status":"closed","template":"elementor_header_footer","meta":{"_kadence_starter_templates_imported_post":false,"footnotes":""},"class_list":["post-2420","page","type-page","status-publish","hentry"],"_links":{"self":[{"href":"https:\/\/ignisnovum.de\/en\/wp-json\/wp\/v2\/pages\/2420","targetHints":{"allow":["GET"]}}],"collection":[{"href":"https:\/\/ignisnovum.de\/en\/wp-json\/wp\/v2\/pages"}],"about":[{"href":"https:\/\/ignisnovum.de\/en\/wp-json\/wp\/v2\/types\/page"}],"author":[{"embeddable":true,"href":"https:\/\/ignisnovum.de\/en\/wp-json\/wp\/v2\/users\/1"}],"replies":[{"embeddable":true,"href":"https:\/\/ignisnovum.de\/en\/wp-json\/wp\/v2\/comments?post=2420"}],"version-history":[{"count":10,"href":"https:\/\/ignisnovum.de\/en\/wp-json\/wp\/v2\/pages\/2420\/revisions"}],"predecessor-version":[{"id":4070,"href":"https:\/\/ignisnovum.de\/en\/wp-json\/wp\/v2\/pages\/2420\/revisions\/4070"}],"wp:attachment":[{"href":"https:\/\/ignisnovum.de\/en\/wp-json\/wp\/v2\/media?parent=2420"}],"curies":[{"name":"wp","href":"https:\/\/api.w.org\/{rel}","templated":true}]}}